{"id":97,"date":"2023-08-15T17:51:03","date_gmt":"2023-08-15T17:51:03","guid":{"rendered":"http:\/\/www.asterisko.es\/?page_id=97"},"modified":"2023-08-24T18:50:07","modified_gmt":"2023-08-24T18:50:07","slug":"expansion-service","status":"publish","type":"page","link":"http:\/\/www.asterisko.es\/en\/expansion-service\/","title":{"rendered":"Expansion services"},"content":{"rendered":"<p>Through our strategic model, we seek to offer the brand a concrete and successful business plan with clear and achievable goals, focusing on your interests and protecting your brand image.<\/p>\n\n\n\n<p>Market research:<\/p>\n\n\n\n<ul>\n<li>Brand positioning<\/li>\n\n\n\n<li>Business opportunities<\/li>\n\n\n\n<li>The economic situation of the country<\/li>\n<\/ul>\n\n\n\n<p>Selection of the best commercial channel and sales follow-up:<\/p>\n\n\n\n<ul>\n<li>Multibrand<\/li>\n\n\n\n<li>Department Stores<\/li>\n\n\n\n<li>Digital<\/li>\n<\/ul>","protected":false},"excerpt":{"rendered":"<p>A trav\u00e9s de nuestro modelo estrat\u00e9gico buscamos ofrecerle a la marca un plan comercial concreto y exitoso con metas claras y alcanzables, focaliz\u00e1ndonos en sus intereses y protegiendo su imagen de marca. Estudio de mercado: Selecci\u00f3n del mejor canal comercial y seguimiento de las ventas:<\/p>","protected":false},"author":1,"featured_media":171,"parent":0,"menu_order":0,"comment_status":"closed","ping_status":"closed","template":"","meta":[],"_links":{"self":[{"href":"http:\/\/www.asterisko.es\/en\/wp-json\/wp\/v2\/pages\/97"}],"collection":[{"href":"http:\/\/www.asterisko.es\/en\/wp-json\/wp\/v2\/pages"}],"about":[{"href":"http:\/\/www.asterisko.es\/en\/wp-json\/wp\/v2\/types\/page"}],"author":[{"embeddable":true,"href":"http:\/\/www.asterisko.es\/en\/wp-json\/wp\/v2\/users\/1"}],"replies":[{"embeddable":true,"href":"http:\/\/www.asterisko.es\/en\/wp-json\/wp\/v2\/comments?post=97"}],"version-history":[{"count":9,"href":"http:\/\/www.asterisko.es\/en\/wp-json\/wp\/v2\/pages\/97\/revisions"}],"predecessor-version":[{"id":259,"href":"http:\/\/www.asterisko.es\/en\/wp-json\/wp\/v2\/pages\/97\/revisions\/259"}],"wp:featuredmedia":[{"embeddable":true,"href":"http:\/\/www.asterisko.es\/en\/wp-json\/wp\/v2\/media\/171"}],"wp:attachment":[{"href":"http:\/\/www.asterisko.es\/en\/wp-json\/wp\/v2\/media?parent=97"}],"curies":[{"name":"wp","href":"https:\/\/api.w.org\/{rel}","templated":true}]}}