{"id":40,"date":"2023-08-15T17:09:07","date_gmt":"2023-08-15T17:09:07","guid":{"rendered":"http:\/\/www.asterisko.es\/?page_id=40"},"modified":"2023-08-17T08:08:25","modified_gmt":"2023-08-17T08:08:25","slug":"about","status":"publish","type":"page","link":"http:\/\/www.asterisko.es\/en\/","title":{"rendered":"About us"},"content":{"rendered":"<p>At Asterisko we specialise in offering the fashion and accessories industry the best strategic and commercial solutions for expansion and introduction to different markets, always under the concept of omnichannel.<\/p>\n\n\n\n<p><br>Our priority is based on the interests of our clients, making us part of their team.<\/p>\n\n\n\n<div style=\"height:24px\" aria-hidden=\"true\" class=\"wp-block-spacer\"><\/div>\n\n\n\n<hr class=\"wp-block-separator has-alpha-channel-opacity\"\/>\n\n\n\n<p class=\"has-text-align-center\" style=\"font-size:27px\"><em>\"We are your reliable partner to reach new destinations, businesses and customers!<\/em><\/p>\n\n\n\n<hr class=\"wp-block-separator has-alpha-channel-opacity is-style-default\"\/>","protected":false},"excerpt":{"rendered":"<p>En Asterisko nos especializamos en ofrecerle a la industria de la moda y complementos las mejores soluciones estrat\u00e9gicas y comerciales de expansi\u00f3n e introducci\u00f3n a los diferentes mercados, siempre bajo el concepto de la omnicanalidad. Nuestra prioridad est\u00e1 basada en los intereses de nuestros clientes, convirti\u00e9ndonos en parte de su equipo. \u201cSomos tu partner de &hellip; <\/p>\n<p class=\"link-more\"><a href=\"http:\/\/www.asterisko.es\/en\/\" class=\"more-link\">Continue reading<span class=\"screen-reader-text\"> \u00abSobre nosotros\u00bb<\/span><\/a><\/p>","protected":false},"author":1,"featured_media":205,"parent":0,"menu_order":0,"comment_status":"closed","ping_status":"closed","template":"","meta":[],"_links":{"self":[{"href":"http:\/\/www.asterisko.es\/en\/wp-json\/wp\/v2\/pages\/40"}],"collection":[{"href":"http:\/\/www.asterisko.es\/en\/wp-json\/wp\/v2\/pages"}],"about":[{"href":"http:\/\/www.asterisko.es\/en\/wp-json\/wp\/v2\/types\/page"}],"author":[{"embeddable":true,"href":"http:\/\/www.asterisko.es\/en\/wp-json\/wp\/v2\/users\/1"}],"replies":[{"embeddable":true,"href":"http:\/\/www.asterisko.es\/en\/wp-json\/wp\/v2\/comments?post=40"}],"version-history":[{"count":17,"href":"http:\/\/www.asterisko.es\/en\/wp-json\/wp\/v2\/pages\/40\/revisions"}],"predecessor-version":[{"id":211,"href":"http:\/\/www.asterisko.es\/en\/wp-json\/wp\/v2\/pages\/40\/revisions\/211"}],"wp:featuredmedia":[{"embeddable":true,"href":"http:\/\/www.asterisko.es\/en\/wp-json\/wp\/v2\/media\/205"}],"wp:attachment":[{"href":"http:\/\/www.asterisko.es\/en\/wp-json\/wp\/v2\/media?parent=40"}],"curies":[{"name":"wp","href":"https:\/\/api.w.org\/{rel}","templated":true}]}}